{"id":9,"date":"2024-10-25T16:15:24","date_gmt":"2024-10-25T14:15:24","guid":{"rendered":"http:\/\/www.2jurister.se\/?page_id=9"},"modified":"2025-03-20T19:05:48","modified_gmt":"2025-03-20T18:05:48","slug":"tjanster","status":"publish","type":"page","link":"https:\/\/www.2jurister.se\/?page_id=9","title":{"rendered":"V\u00e5ra tj\u00e4nster"},"content":{"rendered":"\t\t<div data-elementor-type=\"wp-page\" data-elementor-id=\"9\" class=\"elementor elementor-9\">\n\t\t\t\t<div class=\"elementor-element elementor-element-7019760f elementor-hidden-tablet elementor-hidden-mobile e-flex e-con-boxed e-con e-parent\" data-id=\"7019760f\" data-element_type=\"container\" data-settings=\"{&quot;background_background&quot;:&quot;slideshow&quot;,&quot;background_slideshow_gallery&quot;:[{&quot;id&quot;:458,&quot;url&quot;:&quot;https:\\\/\\\/www.2jurister.se\\\/wp-content\\\/uploads\\\/2024\\\/11\\\/Varatjanster.png&quot;}],&quot;background_slideshow_loop&quot;:&quot;yes&quot;,&quot;background_slideshow_slide_duration&quot;:5000,&quot;background_slideshow_slide_transition&quot;:&quot;fade&quot;,&quot;background_slideshow_transition_duration&quot;:500}\">\n\t\t\t\t\t<div class=\"e-con-inner\">\n\t\t\t\t\t<\/div>\n\t\t\t\t<\/div>\n\t\t<div class=\"elementor-element elementor-element-dcd9035 e-flex e-con-boxed e-con e-parent\" data-id=\"dcd9035\" data-element_type=\"container\">\n\t\t\t\t\t<div class=\"e-con-inner\">\n\t\t\t\t<div class=\"elementor-element elementor-element-c96946e elementor-widget elementor-widget-text-editor\" data-id=\"c96946e\" data-element_type=\"widget\" data-widget_type=\"text-editor.default\">\n\t\t\t\t<div class=\"elementor-widget-container\">\n\t\t\t\t\t\t\t<h2>DET H\u00c4R KAN VI HJ\u00c4LPA DIG MED<\/h2>\t\t\t\t\t\t<\/div>\n\t\t\t\t<\/div>\n\t\t\t\t\t<\/div>\n\t\t\t\t<\/div>\n\t\t<div class=\"elementor-element elementor-element-5c948b0 e-flex e-con-boxed e-con e-parent\" data-id=\"5c948b0\" data-element_type=\"container\">\n\t\t\t\t\t<div class=\"e-con-inner\">\n\t\t\t\t<div class=\"elementor-element elementor-element-2c8218ec elementor-widget elementor-widget-text-editor\" data-id=\"2c8218ec\" data-element_type=\"widget\" data-widget_type=\"text-editor.default\">\n\t\t\t\t<div class=\"elementor-widget-container\">\n\t\t\t\t\t\t\t<h2>V\u00e5ra tj\u00e4nster<\/h2><p><strong>Specialister p\u00e5 processer och tvister<\/strong><\/p><p>P\u00e5 2Jurister AB \u00e4r vi experter p\u00e5 att driva processer i domstol. Vi vet att en r\u00e4ttslig tvist kan vara b\u00e5de juridiskt och k\u00e4nslom\u00e4ssigt kr\u00e4vande, och vi st\u00e5r vid din sida genom hela processen \u2013 fr\u00e5n f\u00f6rsta r\u00e5dgivning till domslut.<\/p><p>V\u00e5rt team best\u00e5r av erfarna jurister med gedigen kompetens inom flera r\u00e4ttsomr\u00e5den. Oavsett om du beh\u00f6ver hj\u00e4lp med en v\u00e5rdnadstvist, en fastighetsr\u00e4ttslig tvist eller ett bygglovs\u00e4rende, kan vi ge dig det juridiska st\u00f6d du beh\u00f6ver.<\/p><h2>V\u00e5ra specialistomr\u00e5den<\/h2><p><strong>V\u00e5rdnadstvister<\/strong><\/p><p>N\u00e4r en tvist om v\u00e5rdnad, boende eller umg\u00e4nge uppst\u00e5r, handlar det om det viktigaste i livet \u2013 dina barn. Vi har l\u00e5ng erfarenhet av att f\u00f6retr\u00e4da f\u00f6r\u00e4ldrar i sv\u00e5ra situationer och arbetar alltid med barnets b\u00e4sta i fokus.<\/p><p><strong>Arvs- och testamentsr\u00e4tt<\/strong><\/p><p>Vi hj\u00e4lper dig att s\u00e4kerst\u00e4lla att din eller dina anh\u00f6rigas vilja efterlevs vid arvskiften och testamentstvister. Vi hanterar \u00e4ven tvister om laglott och andra arvsrelaterade fr\u00e5gor. Vill du f\u00f6rebygga framtida tvister hj\u00e4lper vi dig med allt fr\u00e5n att skriva testamenten och framtidsfullmakter till att uppr\u00e4tta bouppteckningar och arvskiften.<\/p><p><strong>Fel i fastighet<\/strong><\/p><p>Uppt\u00e4ckt dolda fel i din fastighet? Vi f\u00f6retr\u00e4der b\u00e5de k\u00f6pare och s\u00e4ljare i tvister om fel i fastighet och ser till att du f\u00e5r den ers\u00e4ttning du har r\u00e4tt till.<\/p><p><strong>Mark- och milj\u00f6r\u00e4tt<\/strong><\/p><p>Vi bist\u00e5r privatpersoner och f\u00f6retag i fr\u00e5gor som r\u00f6r bygglov, strandskydd, detaljplaner och andra mark- och milj\u00f6r\u00e4ttsliga fr\u00e5gor. Vi har stor erfarenhet av att hantera \u00f6verklaganden och processer inom dessa omr\u00e5den.<\/p><h2>Varf\u00f6r v\u00e4lja oss?<\/h2><p>\u2705 Erfarna och engagerade processjurister \u2013 Vi driver ditt \u00e4rende hela v\u00e4gen och ger dig trygghet i varje steg.<\/p><p>\u2705 Personligt engagemang \u2013 Vi s\u00e4tter oss in i just din situation och skr\u00e4ddarsyr v\u00e5r juridiska strategi efter dina behov.<\/p><p>\u2705 Resultatfokus \u2013 V\u00e5rt m\u00e5l \u00e4r att du ska f\u00e5 r\u00e4tt och den b\u00e4sta m\u00f6jliga utg\u00e5ngen i ditt \u00e4rende.<\/p><p>Har du en juridisk tvist eller beh\u00f6ver du r\u00e5dgivning? <strong>Kontakta oss idag f\u00f6r en kostnadsfri f\u00f6rsta bed\u00f6mning.<\/strong><\/p>\t\t\t\t\t\t<\/div>\n\t\t\t\t<\/div>\n\t\t<div class=\"elementor-element elementor-element-44225c6 e-con-full e-flex e-con e-child\" data-id=\"44225c6\" data-element_type=\"container\">\n\t\t\t\t<div class=\"elementor-element elementor-element-f980e49 elementor-widget elementor-widget-button\" data-id=\"f980e49\" data-element_type=\"widget\" data-widget_type=\"button.default\">\n\t\t\t\t<div class=\"elementor-widget-container\">\n\t\t\t\t\t\t\t<div class=\"elementor-button-wrapper\">\n\t\t\t\t\t<a class=\"elementor-button elementor-button-link elementor-size-sm\" href=\"https:\/\/www.2jurister.se\/?page_id=272\">\n\t\t\t\t\t\t<span class=\"elementor-button-content-wrapper\">\n\t\t\t\t\t\t<span class=\"elementor-button-icon\">\n\t\t\t\t<svg aria-hidden=\"true\" class=\"e-font-icon-svg e-fas-phone\" viewBox=\"0 0 512 512\" xmlns=\"http:\/\/www.w3.org\/2000\/svg\"><path d=\"M493.4 24.6l-104-24c-11.3-2.6-22.9 3.3-27.5 13.9l-48 112c-4.2 9.8-1.4 21.3 6.9 28l60.6 49.6c-36 76.7-98.9 140.5-177.2 177.2l-49.6-60.6c-6.8-8.3-18.2-11.1-28-6.9l-112 48C3.9 366.5-2 378.1.6 389.4l24 104C27.1 504.2 36.7 512 48 512c256.1 0 464-207.5 464-464 0-11.2-7.7-20.9-18.6-23.4z\"><\/path><\/svg>\t\t\t<\/span>\n\t\t\t\t\t\t\t\t\t<span class=\"elementor-button-text\">KONTAKTA OSS!<\/span>\n\t\t\t\t\t<\/span>\n\t\t\t\t\t<\/a>\n\t\t\t\t<\/div>\n\t\t\t\t\t\t<\/div>\n\t\t\t\t<\/div>\n\t\t\t\t<\/div>\n\t\t\t\t\t<\/div>\n\t\t\t\t<\/div>\n\t\t<div class=\"elementor-element elementor-element-c13a17f e-flex e-con-boxed e-con e-parent\" data-id=\"c13a17f\" data-element_type=\"container\" data-settings=\"{&quot;background_background&quot;:&quot;classic&quot;}\">\n\t\t\t\t\t<div class=\"e-con-inner\">\n\t\t\t\t<div class=\"elementor-element elementor-element-2f191e9 elementor-widget elementor-widget-text-editor\" data-id=\"2f191e9\" data-element_type=\"widget\" data-widget_type=\"text-editor.default\">\n\t\t\t\t<div class=\"elementor-widget-container\">\n\t\t\t\t\t\t\t<p style=\"text-align: center;\"><span style=\"color: #ffffff;\">PETER@2JURISTER.SE<\/span><\/p>\t\t\t\t\t\t<\/div>\n\t\t\t\t<\/div>\n\t\t\t\t<div class=\"elementor-element elementor-element-fcfbbeb elementor-widget elementor-widget-text-editor\" data-id=\"fcfbbeb\" data-element_type=\"widget\" data-widget_type=\"text-editor.default\">\n\t\t\t\t<div class=\"elementor-widget-container\">\n\t\t\t\t\t\t\t<p style=\"text-align: center;\"><span style=\"color: #ffffff;\">2JURISTER AB \u2013 BYR\u00c5N F\u00d6R HELA LIVET&nbsp;<\/span><\/p>\n<p style=\"text-align: center;\"><span style=\"color: #ffffff;\">Telefon:&nbsp;<a style=\"color: #ffffff;\" href=\"tel:0709%20-%20917%20368\">0709 &#8211; 917 368<\/a>&nbsp;<\/span><\/p><p style=\"text-align: center;\"><span style=\"color: rgb(255, 255, 255);\">Mobile international: +46709917368<\/span><span style=\"color: #ffffff;\"><\/span><\/p>\n<p style=\"text-align: center;\"><span style=\"color: #ffffff;\">Org.nr:&nbsp;<a style=\"color: #ffffff;\" href=\"tel:559093-3171\">559093-3171<\/a><\/span><\/p>\t\t\t\t\t\t<\/div>\n\t\t\t\t<\/div>\n\t\t\t\t<div class=\"elementor-element elementor-element-3a10bd0 elementor-widget elementor-widget-image\" data-id=\"3a10bd0\" data-element_type=\"widget\" data-widget_type=\"image.default\">\n\t\t\t\t<div class=\"elementor-widget-container\">\n\t\t\t\t\t\t\t\t\t\t\t\t\t\t<a href=\"https:\/\/ssjb.se\/medlemsforteckning\/\">\n\t\t\t\t\t\t\t<img decoding=\"async\" width=\"102\" height=\"116\" src=\"https:\/\/www.2jurister.se\/wp-content\/uploads\/2024\/10\/sjb.png\" class=\"attachment-large size-large wp-image-283\" alt=\"\" srcset=\"https:\/\/www.2jurister.se\/wp-content\/uploads\/2024\/10\/sjb.png 102w, https:\/\/www.2jurister.se\/wp-content\/uploads\/2024\/10\/sjb-53x60.png 53w\" sizes=\"(max-width: 102px) 100vw, 102px\" \/>\t\t\t\t\t\t\t\t<\/a>\n\t\t\t\t\t\t\t\t\t\t\t\t\t<\/div>\n\t\t\t\t<\/div>\n\t\t\t\t\t<\/div>\n\t\t\t\t<\/div>\n\t\t\t\t<\/div>\n\t\t","protected":false},"excerpt":{"rendered":"<p>DET H\u00c4R KAN VI HJ\u00c4LPA DIG MED V\u00e5ra tj\u00e4nster Specialister p\u00e5 processer och tvister P\u00e5 2Jurister AB \u00e4r vi experter p\u00e5 att driva processer i domstol. Vi vet att en r\u00e4ttslig tvist kan vara b\u00e5de juridiskt och k\u00e4nslom\u00e4ssigt kr\u00e4vande, och vi st\u00e5r vid din sida genom hela processen \u2013 fr\u00e5n f\u00f6rsta r\u00e5dgivning till domslut. V\u00e5rt [&hellip;]<\/p>\n","protected":false},"author":1,"featured_media":0,"parent":0,"menu_order":0,"comment_status":"closed","ping_status":"closed","template":"","meta":{"footnotes":""},"class_list":["post-9","page","type-page","status-publish","hentry"],"_links":{"self":[{"href":"https:\/\/www.2jurister.se\/index.php?rest_route=\/wp\/v2\/pages\/9","targetHints":{"allow":["GET"]}}],"collection":[{"href":"https:\/\/www.2jurister.se\/index.php?rest_route=\/wp\/v2\/pages"}],"about":[{"href":"https:\/\/www.2jurister.se\/index.php?rest_route=\/wp\/v2\/types\/page"}],"author":[{"embeddable":true,"href":"https:\/\/www.2jurister.se\/index.php?rest_route=\/wp\/v2\/users\/1"}],"replies":[{"embeddable":true,"href":"https:\/\/www.2jurister.se\/index.php?rest_route=%2Fwp%2Fv2%2Fcomments&post=9"}],"version-history":[{"count":93,"href":"https:\/\/www.2jurister.se\/index.php?rest_route=\/wp\/v2\/pages\/9\/revisions"}],"predecessor-version":[{"id":791,"href":"https:\/\/www.2jurister.se\/index.php?rest_route=\/wp\/v2\/pages\/9\/revisions\/791"}],"wp:attachment":[{"href":"https:\/\/www.2jurister.se\/index.php?rest_route=%2Fwp%2Fv2%2Fmedia&parent=9"}],"curies":[{"name":"wp","href":"https:\/\/api.w.org\/{rel}","templated":true}]}}