{"id":268,"date":"2018-04-27T09:54:47","date_gmt":"2018-04-27T09:54:47","guid":{"rendered":"http:\/\/rarathemesdemo.com\/rara-business\/?page_id=4"},"modified":"2025-07-04T12:25:25","modified_gmt":"2025-07-04T10:25:25","slug":"home","status":"publish","type":"page","link":"https:\/\/www.2jurister.se\/","title":{"rendered":"Home"},"content":{"rendered":"\t\t<div data-elementor-type=\"wp-page\" data-elementor-id=\"268\" class=\"elementor elementor-268\">\n\t\t\t\t<div class=\"elementor-element elementor-element-91c9367 elementor-hidden-tablet elementor-hidden-mobile e-flex e-con-boxed e-con e-parent\" data-id=\"91c9367\" data-element_type=\"container\" data-settings=\"{&quot;background_background&quot;:&quot;slideshow&quot;,&quot;background_slideshow_gallery&quot;:[{&quot;id&quot;:276,&quot;url&quot;:&quot;https:\\\/\\\/www.2jurister.se\\\/wp-content\\\/uploads\\\/2024\\\/10\\\/cropped-Capture.png&quot;}],&quot;background_slideshow_loop&quot;:&quot;yes&quot;,&quot;background_slideshow_slide_duration&quot;:5000,&quot;background_slideshow_slide_transition&quot;:&quot;fade&quot;,&quot;background_slideshow_transition_duration&quot;:500}\">\n\t\t\t\t\t<div class=\"e-con-inner\">\n\t\t\t\t<div class=\"elementor-element elementor-element-6bfc50b elementor-widget elementor-widget-heading\" data-id=\"6bfc50b\" data-element_type=\"widget\" data-widget_type=\"heading.default\">\n\t\t\t\t<div class=\"elementor-widget-container\">\n\t\t\t<h1 class=\"elementor-heading-title elementor-size-default\">VI \u00c4R 2JURISTER AB<\/h1>\t\t<\/div>\n\t\t\t\t<\/div>\n\t\t\t\t\t<\/div>\n\t\t\t\t<\/div>\n\t\t<div class=\"elementor-element elementor-element-c32e2f2 e-flex e-con-boxed e-con e-parent\" data-id=\"c32e2f2\" data-element_type=\"container\">\n\t\t\t\t\t<div class=\"e-con-inner\">\n\t\t\t\t<div class=\"elementor-element elementor-element-5fcdcb5 elementor-widget elementor-widget-text-editor\" data-id=\"5fcdcb5\" data-element_type=\"widget\" data-widget_type=\"text-editor.default\">\n\t\t\t\t<div class=\"elementor-widget-container\">\n\t\t\t\t\t\t\t<h2 style=\"text-align: center;\" data-pm-slice=\"1 1 []\">Vi hj\u00e4lper dig att bevaka dina intressen<\/h2>\t\t\t\t\t\t<\/div>\n\t\t\t\t<\/div>\n\t\t<div class=\"elementor-element elementor-element-86cf6ed e-con-full e-flex e-con e-child\" data-id=\"86cf6ed\" data-element_type=\"container\">\n\t\t\t\t<div class=\"elementor-element elementor-element-24ac19e elementor-widget elementor-widget-image\" data-id=\"24ac19e\" data-element_type=\"widget\" data-widget_type=\"image.default\">\n\t\t\t\t<div class=\"elementor-widget-container\">\n\t\t\t\t\t\t\t\t\t\t\t\t\t<img fetchpriority=\"high\" decoding=\"async\" width=\"800\" height=\"506\" src=\"https:\/\/www.2jurister.se\/wp-content\/uploads\/2025\/03\/AP-e1742297415971-1024x648.jpg\" class=\"attachment-large size-large wp-image-765\" alt=\"\" srcset=\"https:\/\/www.2jurister.se\/wp-content\/uploads\/2025\/03\/AP-e1742297415971-1024x648.jpg 1024w, https:\/\/www.2jurister.se\/wp-content\/uploads\/2025\/03\/AP-e1742297415971-300x190.jpg 300w, https:\/\/www.2jurister.se\/wp-content\/uploads\/2025\/03\/AP-e1742297415971-768x486.jpg 768w, https:\/\/www.2jurister.se\/wp-content\/uploads\/2025\/03\/AP-e1742297415971.jpg 1260w\" sizes=\"(max-width: 800px) 100vw, 800px\" \/>\t\t\t\t\t\t\t\t\t\t\t\t\t<\/div>\n\t\t\t\t<\/div>\n\t\t\t\t<\/div>\n\t\t\t\t<div class=\"elementor-element elementor-element-29c5da9 elementor-widget elementor-widget-text-editor\" data-id=\"29c5da9\" data-element_type=\"widget\" data-widget_type=\"text-editor.default\">\n\t\t\t\t<div class=\"elementor-widget-container\">\n\t\t\t\t\t\t\t<h4 style=\"text-align: center;\" data-pm-slice=\"1 1 []\">F\u00f6r oss \u00e4r det viktigt att du som klient kan k\u00e4nna dig trygg och f\u00f6rst\u00e5r vad som h\u00e4nder under hela processen. Vi b\u00f6rjar d\u00e4rf\u00f6r alltid med ett kostnadsfritt f\u00f6ruts\u00e4ttningsl\u00f6st samtal d\u00e4r du ber\u00e4ttar om vad du vill bli hj\u00e4lpt med. Vi g\u00e5r sedan tillsammans igenom vad vi kan g\u00f6ra f\u00f6r dig och vad en eventuell kostnad kan bli. Vi hj\u00e4lper dig dessutom att ans\u00f6ka om r\u00e4ttsskydd eller r\u00e4ttshj\u00e4lp om det \u00e4r m\u00f6jligt.<\/h4>\n<h4 style=\"text-align: center;\">Tveka inte att kontakta oss \u2013 vi hj\u00e4lper dig!<\/h4>\n<h4 style=\"text-align: center;\">Vi har mottagning i s\u00e5v\u00e4l Ystad som i Malm\u00f6. I \u00f6vriga Sk\u00e5ne g\u00f6r vi ofta hembes\u00f6k.<\/h4>\t\t\t\t\t\t<\/div>\n\t\t\t\t<\/div>\n\t\t\t\t\t<\/div>\n\t\t\t\t<\/div>\n\t\t<div class=\"elementor-element elementor-element-5d1904a e-flex e-con-boxed e-con e-parent\" data-id=\"5d1904a\" data-element_type=\"container\">\n\t\t\t\t\t<div class=\"e-con-inner\">\n\t\t\t\t<div class=\"elementor-element elementor-element-47003b7 elementor-widget elementor-widget-text-editor\" data-id=\"47003b7\" data-element_type=\"widget\" data-widget_type=\"text-editor.default\">\n\t\t\t\t<div class=\"elementor-widget-container\">\n\t\t\t\t\t\t\t<h3 style=\"text-align: center;\">REPRESENTANT I SYD F\u00d6R <a href=\"https:\/\/lavendla.se\/\">LAVENDLA BEGRAVNINGSBYR\u00c5 <\/a>d\u00e4r vi bland annat bist\u00e5r med Bouppteckningar och Arvskiften<\/h3>\t\t\t\t\t\t<\/div>\n\t\t\t\t<\/div>\n\t\t\t\t\t<\/div>\n\t\t\t\t<\/div>\n\t\t<div class=\"elementor-element elementor-element-36fba64 e-flex e-con-boxed e-con e-parent\" data-id=\"36fba64\" data-element_type=\"container\">\n\t\t\t\t\t<div class=\"e-con-inner\">\n\t\t\t\t\t<\/div>\n\t\t\t\t<\/div>\n\t\t<div class=\"elementor-element elementor-element-24a66ab e-flex e-con-boxed e-con e-parent\" data-id=\"24a66ab\" data-element_type=\"container\">\n\t\t\t\t\t<div class=\"e-con-inner\">\n\t\t\t\t<div class=\"elementor-element elementor-element-ad2abac elementor-widget elementor-widget-text-editor\" data-id=\"ad2abac\" data-element_type=\"widget\" data-widget_type=\"text-editor.default\">\n\t\t\t\t<div class=\"elementor-widget-container\">\n\t\t\t\t\t\t\t<h4><strong>\u00c4R DU I BEHOV AV JURIDISK HJ\u00c4LP?<\/strong><\/h4>\t\t\t\t\t\t<\/div>\n\t\t\t\t<\/div>\n\t\t\t\t<div class=\"elementor-element elementor-element-d6c001e elementor-widget elementor-widget-premium-addon-button\" data-id=\"d6c001e\" data-element_type=\"widget\" data-widget_type=\"premium-addon-button.default\">\n\t\t\t\t<div class=\"elementor-widget-container\">\n\t\t\t\n\n\t\t<a class=\"premium-button premium-button-none premium-btn-lg premium-button-none\" href=\"https:\/\/www.2jurister.se\/?page_id=272\">\n\t\t\t<div class=\"premium-button-text-icon-wrapper\">\n\t\t\t\t\n\t\t\t\t\t<!-- Before Icon -->\n\t\t\t\t\t\t\t\t\t\t\t\t\t\t\t\t\t\t<svg class=\"premium-svg-nodraw premium-drawable-icon e-font-icon-svg e-fas-phone\" aria-hidden=\"true\" viewBox=\"0 0 512 512\" xmlns=\"http:\/\/www.w3.org\/2000\/svg\"><path d=\"M493.4 24.6l-104-24c-11.3-2.6-22.9 3.3-27.5 13.9l-48 112c-4.2 9.8-1.4 21.3 6.9 28l60.6 49.6c-36 76.7-98.9 140.5-177.2 177.2l-49.6-60.6c-6.8-8.3-18.2-11.1-28-6.9l-112 48C3.9 366.5-2 378.1.6 389.4l24 104C27.1 504.2 36.7 512 48 512c256.1 0 464-207.5 464-464 0-11.2-7.7-20.9-18.6-23.4z\"><\/path><\/svg>\t\t\t\t\t\t\t\t\t\t\t\t\t\t\t\n\t\t\t\t\t\t\t\t\t<span >\n\t\t\t\t\t\tKONTAKTA OSS!\t\t\t\t\t<\/span>\n\t\t\t\t\n\t\t\t\t<!-- After Icon -->\n\t\t\t\t\t\t\t\t\t\t\t\t\t\t\t\t<\/div>\n\n\t\t\t\n\t\t\t\n\t\t\t\n\t\t<\/a>\n\n\n\t\t\t\t<\/div>\n\t\t\t\t<\/div>\n\t\t\t\t\t<\/div>\n\t\t\t\t<\/div>\n\t\t<div class=\"elementor-element elementor-element-3e820f3 e-flex e-con-boxed e-con e-parent\" data-id=\"3e820f3\" data-element_type=\"container\" data-settings=\"{&quot;background_background&quot;:&quot;classic&quot;}\">\n\t\t\t\t\t<div class=\"e-con-inner\">\n\t\t<div class=\"elementor-element elementor-element-b73cdeb e-con-full e-flex e-con e-child\" data-id=\"b73cdeb\" data-element_type=\"container\" data-settings=\"{&quot;background_background&quot;:&quot;classic&quot;}\">\n\t\t\t\t<div class=\"elementor-element elementor-element-978289e elementor-widget elementor-widget-text-editor\" data-id=\"978289e\" data-element_type=\"widget\" data-widget_type=\"text-editor.default\">\n\t\t\t\t<div class=\"elementor-widget-container\">\n\t\t\t\t\t\t\t<p style=\"text-align: center;\"><span style=\"color: #ffffff;\">PETER@2JURISTER.SE<\/span><\/p>\t\t\t\t\t\t<\/div>\n\t\t\t\t<\/div>\n\t\t\t\t<div class=\"elementor-element elementor-element-5df8e5e elementor-widget elementor-widget-text-editor\" data-id=\"5df8e5e\" data-element_type=\"widget\" data-widget_type=\"text-editor.default\">\n\t\t\t\t<div class=\"elementor-widget-container\">\n\t\t\t\t\t\t\t<p style=\"text-align: center;\"><span style=\"color: #ffffff;\">2JURISTER AB \u2013 BYR\u00c5N F\u00d6R HELA LIVET\u00a0<\/span><\/p><p style=\"text-align: center;\"><span style=\"color: #ffffff;\">\u00a0Telefon:\u00a0<a style=\"color: #ffffff;\" href=\"tel:0709%20-%20917%20368\">0709 &#8211; 917 368<\/a>\u00a0<\/span><\/p><p style=\"text-align: center;\"><span style=\"color: #ffffff;\">Mobile international: +46709917368<\/span><\/p><p style=\"text-align: center;\"><span style=\"color: #ffffff;\">Org.nr:\u00a0<a style=\"color: #ffffff;\" href=\"tel:559093-3171\">559093-3171<\/a><\/span><\/p>\t\t\t\t\t\t<\/div>\n\t\t\t\t<\/div>\n\t\t\t\t<div class=\"elementor-element elementor-element-db1e2d7 elementor-widget elementor-widget-image\" data-id=\"db1e2d7\" data-element_type=\"widget\" data-widget_type=\"image.default\">\n\t\t\t\t<div class=\"elementor-widget-container\">\n\t\t\t\t\t\t\t\t\t\t\t\t\t\t<a href=\"https:\/\/ssjb.se\/medlemsforteckning\/\">\n\t\t\t\t\t\t\t<img decoding=\"async\" width=\"102\" height=\"116\" src=\"https:\/\/www.2jurister.se\/wp-content\/uploads\/2024\/10\/sjb.png\" class=\"attachment-large size-large wp-image-283\" alt=\"\" srcset=\"https:\/\/www.2jurister.se\/wp-content\/uploads\/2024\/10\/sjb.png 102w, https:\/\/www.2jurister.se\/wp-content\/uploads\/2024\/10\/sjb-53x60.png 53w\" sizes=\"(max-width: 102px) 100vw, 102px\" \/>\t\t\t\t\t\t\t\t<\/a>\n\t\t\t\t\t\t\t\t\t\t\t\t\t<\/div>\n\t\t\t\t<\/div>\n\t\t\t\t<\/div>\n\t\t\t\t\t<\/div>\n\t\t\t\t<\/div>\n\t\t<div class=\"elementor-element elementor-element-9360f28 e-flex e-con-boxed e-con e-parent\" data-id=\"9360f28\" data-element_type=\"container\">\n\t\t\t\t\t<div class=\"e-con-inner\">\n\t\t\t\t\t<\/div>\n\t\t\t\t<\/div>\n\t\t\t\t<\/div>\n\t\t","protected":false},"excerpt":{"rendered":"<p>VI \u00c4R 2JURISTER AB Vi hj\u00e4lper dig att bevaka dina intressen F\u00f6r oss \u00e4r det viktigt att du som klient kan k\u00e4nna dig trygg och f\u00f6rst\u00e5r vad som h\u00e4nder under hela processen. Vi b\u00f6rjar d\u00e4rf\u00f6r alltid med ett kostnadsfritt f\u00f6ruts\u00e4ttningsl\u00f6st samtal d\u00e4r du ber\u00e4ttar om vad du vill bli hj\u00e4lpt med. Vi g\u00e5r sedan tillsammans [&hellip;]<\/p>\n","protected":false},"author":1,"featured_media":0,"parent":0,"menu_order":0,"comment_status":"closed","ping_status":"closed","template":"","meta":{"footnotes":""},"class_list":["post-268","page","type-page","status-publish","hentry"],"_links":{"self":[{"href":"https:\/\/www.2jurister.se\/index.php?rest_route=\/wp\/v2\/pages\/268","targetHints":{"allow":["GET"]}}],"collection":[{"href":"https:\/\/www.2jurister.se\/index.php?rest_route=\/wp\/v2\/pages"}],"about":[{"href":"https:\/\/www.2jurister.se\/index.php?rest_route=\/wp\/v2\/types\/page"}],"author":[{"embeddable":true,"href":"https:\/\/www.2jurister.se\/index.php?rest_route=\/wp\/v2\/users\/1"}],"replies":[{"embeddable":true,"href":"https:\/\/www.2jurister.se\/index.php?rest_route=%2Fwp%2Fv2%2Fcomments&post=268"}],"version-history":[{"count":84,"href":"https:\/\/www.2jurister.se\/index.php?rest_route=\/wp\/v2\/pages\/268\/revisions"}],"predecessor-version":[{"id":808,"href":"https:\/\/www.2jurister.se\/index.php?rest_route=\/wp\/v2\/pages\/268\/revisions\/808"}],"wp:attachment":[{"href":"https:\/\/www.2jurister.se\/index.php?rest_route=%2Fwp%2Fv2%2Fmedia&parent=268"}],"curies":[{"name":"wp","href":"https:\/\/api.w.org\/{rel}","templated":true}]}}